{"id":12,"date":"2013-03-04T00:59:27","date_gmt":"2013-03-03T19:29:27","guid":{"rendered":"http:\/\/frontlinebc.com\/en\/?page_id=12"},"modified":"2020-06-15T13:29:10","modified_gmt":"2020-06-15T07:59:10","slug":"home","status":"publish","type":"page","link":"https:\/\/frontlinebc.com\/jp\/","title":{"rendered":"\u30db\u30fc\u30e0"},"content":{"rendered":"<p>\u00e3\u201a\u00b0\u00e3\u0192\u00ab\u00e3\u201a\u00ac\u00e3\u201a\u00aa\u00e3\u0192\u00b3\u00e3\u0081\u00ae\u00e3\u0192\u00ac\u00e3\u0192\u00b3\u00e3\u201a\u00bf\u00e3\u0192\u00ab\u00e3\u201a\u00aa\u00e3\u0192\u2022\u00e3\u201a\u00a3\u00e3\u201a\u00b9\u00e3\u201a\u2019\u00e3\u0081\u0160\u00e6\u017d\u00a2\u00e3\u0081\u2014\u00e3\u0081\u00a7\u00e3\u0081\u2122\u00e3\u0081\u2039\u00ef\u00bc\u0178<\/p>\n<p>\u00e7\u00a7\u0081\u00e3\u0081\u0178\u00e3\u0081\u00a1\u00e3\u0081\u00ae\u00e3\u0192\u00ac\u00e3\u0192\u00b3\u00e3\u201a\u00bf\u00e3\u0192\u00ab\u00e3\u201a\u00aa\u00e3\u0192\u2022\u00e3\u201a\u00a3\u00e3\u201a\u00b9\u00e3\u0081\u00af\u00e3\u0081\u201c\u00e3\u0081\u00ae\u00e3\u201a\u02c6\u00e3\u0081\u2020\u00e3\u0081\u00aa\u00e4\u00bc\u0081\u00e6\u00a5\u00ad\u00e3\u0081\u2022\u00e3\u0081\u00be\u00e3\u0081\u00ab\u00e5\u0090\u2018\u00e3\u0081\u201e\u00e3\u0081\u00a6\u00e3\u0081\u201e\u00e3\u0081\u00be\u00e3\u0081\u2122\u00e3\u20ac\u201a<\/p>\n<p>\u00e6\u2013\u00b0\u00e8\u00a6\u008f\u00e3\u0081\u00ab\u00e3\u201a\u00a4\u00e3\u0192\u00b3\u00e3\u0192\u2030\u00e5\u00b8\u201a\u00e5\u00a0\u00b4\u00e3\u0081\u00ab\u00e5\u008f\u201a\u00e5\u2026\u00a5\u00e3\u0081\u2014\u00e3\u0081\u0178\u00e3\u0081\u201e<\/p>\n<p>\u00e7\u008f\u00be\u00e5\u0153\u00b0\u00e3\u201a\u00aa\u00e3\u0192\u2022\u00e3\u201a\u00a3\u00e3\u201a\u00b9\u00e3\u201a\u2019\u00e7\u00a8\u00bc\u00e5\u2039\u2022\u00e3\u0081\u2022\u00e3\u0081\u203a\u00e3\u201a\u2039\u00e3\u0081\u00be\u00e3\u0081\u00a7\u00e3\u0081\u00ae\u00e4\u00bb\u00ae\u00e3\u201a\u00aa\u00e3\u0192\u2022\u00e3\u201a\u00a3\u00e3\u201a\u00b9\u00e3\u0081\u00a8\u00e3\u0081\u2014\u00e3\u0081\u00a6<\/p>\n<p>\u00e7\u008f\u00be\u00e5\u0153\u00b0\u00e3\u0081\u00ab\u00e5\u00b7\u00a5\u00e5\u00a0\u00b4\u00e3\u201a\u2019\u00e5\u00bb\u00ba\u00e8\u00a8\u00ad\u00e3\u0081\u2014\u00e7\u00a8\u00bc\u00e5\u2039\u2022\u00e3\u0081\u2022\u00e3\u0081\u203a\u00e3\u201a\u2039\u00e3\u0081\u00be\u00e3\u0081\u00a7\u00e3\u0081\u00ae\u00e4\u00bb\u00ae\u00e3\u201a\u00aa\u00e3\u0192\u2022\u00e3\u201a\u00a3\u00e3\u201a\u00b9\u00e3\u0081\u00a8\u00e3\u0081\u2014\u00e3\u0081\u00a6<\/p>\n<p>\u00e3\u0081\u00a9\u00e3\u0081\u00ae\u00e7\u00a8\u2039\u00e5\u00ba\u00a6\u00e3\u0081\u00ae\u00e3\u201a\u00aa\u00e3\u0192\u2022\u00e3\u201a\u00a3\u00e3\u201a\u00b9\u00e3\u0081\u0152\u00e5\u00bf\u2026\u00e8\u00a6\u0081\u00e3\u0081\u00ab\u00e3\u0081\u00aa\u00e3\u201a\u2039\u00e3\u0081\u2039\u00e4\u00b8\u008d\u00e9\u20ac\u008f\u00e6\u02dc\u017d\u00e3\u0081\u00a7\u00e3\u0081\u201a\u00e3\u201a\u2039<\/p>\n<p>\u00e7\u0178\u00ad\u00e6\u0153\u0178\u00e3\u0081\u00ae\u00e3\u0192\u2014\u00e3\u0192\u00ad\u00e3\u201a\u00b8\u00e3\u201a\u00a7\u00e3\u201a\u00af\u00e3\u0192\u02c6\u00e3\u0081\u00a7\u00e3\u201a\u201a\u00e3\u201a\u00aa\u00e3\u0192\u2022\u00e3\u201a\u00a3\u00e3\u201a\u00b9\u00e3\u0081\u0152\u00e5\u00bf\u2026\u00e8\u00a6\u0081\u00e3\u0081\u00a7\u00e3\u0081\u201a\u00e3\u201a\u2039<\/p>\n<p>\u00e3\u201a\u00a4\u00e3\u0192\u00b3\u00e3\u0192\u2030\u00e5\u00b8\u201a\u00e5\u00a0\u00b4\u00e3\u0081\u00ab\u00e3\u0081\u00a8\u00e3\u0081\u00ae\u00e7\u00a8\u2039\u00e5\u00ba\u00a6\u00e3\u0192\u009d\u00e3\u0192\u2020\u00e3\u0192\u00b3\u00e3\u201a\u00b7\u00e3\u0192\u00a3\u00e3\u0192\u00ab\u00e3\u0081\u0152\u00e3\u0081\u201a\u00e3\u201a\u2039\u00e3\u0081\u2039\u00e8\u00a6\u2039\u00e6\u00a5\u00b5\u00e3\u201a\u0081\u00e3\u0081\u0178\u00e3\u0081\u201e<\/p>\n<p>\u00e3\u201a\u00a4\u00e3\u0192\u00b3\u00e3\u0192\u2030\u00e5\u00b8\u201a\u00e5\u00a0\u00b4\u00e5\u008f\u201a\u00e5\u2026\u00a5\u00e3\u0192\u00aa\u00e3\u201a\u00b9\u00e3\u201a\u00af\u00e3\u201a\u2019\u00e6\u00a5\u00b5\u00e5\u0160\u203a\u00e6\u017d\u2019\u00e9\u2122\u00a4\u00e3\u0081\u2014\u00e3\u0081\u0178\u00e3\u0081\u201e<\/p>\n<p>\u00e5\u00b0\u2018\u00e4\u00ba\u00ba\u00e6\u2022\u00b0\u00e3\u0081\u00ae\u00e9\u00a7\u0090\u00e5\u0153\u00a8\u00e5\u201c\u00a1\u00e3\u0081\u00a7\u00e5\u0160\u00b9\u00e7\u017d\u2021\u00e3\u0081\u00ae\u00e8\u2030\u00af\u00e3\u0081\u201e\u00e3\u201a\u00aa\u00e3\u0192\u2022\u00e3\u201a\u00a3\u00e3\u201a\u00b9\u00e9\u0081\u2039\u00e5\u2013\u00b6\u00e3\u201a\u2019\u00e3\u0081\u2014\u00e3\u0081\u0178\u00e3\u0081\u201e<\/p>\n<p>&nbsp;<\/p>\n<p>\u00e8\u00b2\u00b4\u00e7\u00a4\u00be\u00e3\u0081\u00ae\u00e3\u0081\u0160\u00e5\u0160\u203a\u00e3\u0081\u00ab\u00e3\u0081\u00aa\u00e3\u201a\u0152\u00e3\u201a\u2039\u00e3\u201a\u00aa\u00e3\u0192\u2022\u00e3\u201a\u00a3\u00e3\u201a\u00b9\u00e3\u0081\u0152\u00e3\u0081\u201c\u00e3\u0081\u201c\u00e3\u0081\u00ab\u00e3\u0081\u201a\u00e3\u201a\u0160\u00e3\u0081\u00be\u00e3\u0081\u2122\u00e3\u20ac\u201a\u00e3\u0081\u0160\u00e5\u2022\u008f\u00e3\u0081\u201e\u00e5\u0090\u02c6\u00e3\u201a\u008f\u00e3\u0081\u203a\u00e3\u0081\u00af\u00e6\u2014\u00a5\u00e6\u0153\u00ac\u00e8\u00aa\u017e\u00e3\u0081\u00a7\u00e3\u0081\u00a9\u00e3\u0081\u2020\u00e3\u0081\u017e\u00e3\u20ac\u201a<\/p>\n<p>\u00e7\u00b5\u0152\u00e9\u00a8\u201c\u00e8\u00b1\u0160\u00e3\u0081\u2039\u00e3\u0081\u00aa\u00e3\u201a\u00b9\u00e3\u201a\u00bf\u00e3\u0192\u0192\u00e3\u0192\u2022\u00e3\u0081\u00ae\u00e4\u00bb\u0160\u00e4\u00ba\u2022\u00e3\u20ac\u0081\u00e5\u00b1\u00b1\u00e6\u0153\u00ac\u00e3\u0081\u0152\u00e6\u2030\u00bf\u00e3\u201a\u0160\u00e3\u0081\u00be\u00e3\u0081\u2122\u00e3\u20ac\u201a<\/p>\n","protected":false},"excerpt":{"rendered":"<p>\u00e3\u201a\u00b0\u00e3\u0192\u00ab\u00e3\u201a\u00ac\u00e3\u201a\u00aa\u00e3\u0192\u00b3\u00e3\u0081\u00ae\u00e3\u0192\u00ac\u00e3\u0192\u00b3\u00e3\u201a\u00bf\u00e3\u0192\u00ab\u00e3\u201a\u00aa\u00e3\u0192\u2022\u00e3\u201a\u00a3\u00e3\u201a\u00b9\u00e3\u201a\u2019\u00e3\u0081\u0160\u00e6\u017d\u00a2\u00e3\u0081\u2014\u00e3\u0081\u00a7\u00e3\u0081\u2122\u00e3\u0081\u2039\u00ef\u00bc\u0178 \u00e7\u00a7\u0081\u00e3\u0081\u0178\u00e3\u0081\u00a1\u00e3\u0081\u00ae\u00e3\u0192\u00ac\u00e3\u0192\u00b3\u00e3\u201a\u00bf\u00e3\u0192\u00ab\u00e3\u201a\u00aa\u00e3\u0192\u2022\u00e3\u201a\u00a3\u00e3\u201a\u00b9\u00e3\u0081\u00af\u00e3\u0081\u201c\u00e3\u0081\u00ae\u00e3\u201a\u02c6\u00e3\u0081\u2020\u00e3\u0081\u00aa\u00e4\u00bc\u0081\u00e6\u00a5\u00ad\u00e3\u0081\u2022\u00e3\u0081\u00be\u00e3\u0081\u00ab\u00e5\u0090\u2018\u00e3\u0081\u201e\u00e3\u0081\u00a6\u00e3\u0081\u201e\u00e3\u0081\u00be\u00e3\u0081\u2122\u00e3\u20ac\u201a \u00e6\u2013\u00b0\u00e8\u00a6\u008f\u00e3\u0081\u00ab\u00e3\u201a\u00a4\u00e3\u0192\u00b3\u00e3\u0192\u2030\u00e5\u00b8\u201a\u00e5\u00a0\u00b4\u00e3\u0081\u00ab\u00e5\u008f\u201a\u00e5\u2026\u00a5\u00e3\u0081\u2014\u00e3\u0081\u0178\u00e3\u0081\u201e \u00e7\u008f\u00be\u00e5\u0153\u00b0\u00e3\u201a\u00aa\u00e3\u0192\u2022\u00e3\u201a\u00a3\u00e3\u201a\u00b9\u00e3\u201a\u2019\u00e7\u00a8\u00bc\u00e5\u2039\u2022\u00e3\u0081\u2022\u00e3\u0081\u203a\u00e3\u201a\u2039\u00e3\u0081\u00be\u00e3\u0081\u00a7\u00e3\u0081\u00ae\u00e4\u00bb\u00ae\u00e3\u201a\u00aa\u00e3\u0192\u2022\u00e3\u201a\u00a3\u00e3\u201a\u00b9\u00e3\u0081\u00a8\u00e3\u0081\u2014\u00e3\u0081\u00a6 \u00e7\u008f\u00be\u00e5\u0153\u00b0\u00e3\u0081\u00ab\u00e5\u00b7\u00a5\u00e5\u00a0\u00b4\u00e3\u201a\u2019\u00e5\u00bb\u00ba\u00e8\u00a8\u00ad\u00e3\u0081\u2014\u00e7\u00a8\u00bc\u00e5\u2039\u2022\u00e3\u0081\u2022\u00e3\u0081\u203a\u00e3\u201a\u2039\u00e3\u0081\u00be\u00e3\u0081\u00a7\u00e3\u0081\u00ae\u00e4\u00bb\u00ae\u00e3\u201a\u00aa\u00e3\u0192\u2022\u00e3\u201a\u00a3\u00e3\u201a\u00b9\u00e3\u0081\u00a8\u00e3\u0081\u2014\u00e3\u0081\u00a6 \u00e3\u0081\u00a9\u00e3\u0081\u00ae\u00e7\u00a8\u2039\u00e5\u00ba\u00a6\u00e3\u0081\u00ae\u00e3\u201a\u00aa\u00e3\u0192\u2022\u00e3\u201a\u00a3\u00e3\u201a\u00b9\u00e3\u0081\u0152\u00e5\u00bf\u2026\u00e8\u00a6\u0081\u00e3\u0081\u00ab\u00e3\u0081\u00aa\u00e3\u201a\u2039\u00e3\u0081\u2039\u00e4\u00b8\u008d\u00e9\u20ac\u008f\u00e6\u02dc\u017d\u00e3\u0081\u00a7\u00e3\u0081\u201a\u00e3\u201a\u2039 \u00e7\u0178\u00ad\u00e6\u0153\u0178\u00e3\u0081\u00ae\u00e3\u0192\u2014\u00e3\u0192\u00ad\u00e3\u201a\u00b8\u00e3\u201a\u00a7\u00e3\u201a\u00af\u00e3\u0192\u02c6\u00e3\u0081\u00a7\u00e3\u201a\u201a\u00e3\u201a\u00aa\u00e3\u0192\u2022\u00e3\u201a\u00a3\u00e3\u201a\u00b9\u00e3\u0081\u0152\u00e5\u00bf\u2026\u00e8\u00a6\u0081\u00e3\u0081\u00a7\u00e3\u0081\u201a\u00e3\u201a\u2039 \u00e3\u201a\u00a4\u00e3\u0192\u00b3\u00e3\u0192\u2030\u00e5\u00b8\u201a\u00e5\u00a0\u00b4\u00e3\u0081\u00ab\u00e3\u0081\u00a8\u00e3\u0081\u00ae\u00e7\u00a8\u2039\u00e5\u00ba\u00a6\u00e3\u0192\u009d\u00e3\u0192\u2020\u00e3\u0192\u00b3\u00e3\u201a\u00b7\u00e3\u0192\u00a3\u00e3\u0192\u00ab\u00e3\u0081\u0152\u00e3\u0081\u201a\u00e3\u201a\u2039\u00e3\u0081\u2039\u00e8\u00a6\u2039\u00e6\u00a5\u00b5\u00e3\u201a\u0081\u00e3\u0081\u0178\u00e3\u0081\u201e \u00e3\u201a\u00a4\u00e3\u0192\u00b3\u00e3\u0192\u2030\u00e5\u00b8\u201a\u00e5\u00a0\u00b4\u00e5\u008f\u201a\u00e5\u2026\u00a5\u00e3\u0192\u00aa\u00e3\u201a\u00b9\u00e3\u201a\u00af\u00e3\u201a\u2019\u00e6\u00a5\u00b5\u00e5\u0160\u203a\u00e6\u017d\u2019\u00e9\u2122\u00a4\u00e3\u0081\u2014\u00e3\u0081\u0178\u00e3\u0081\u201e \u00e5\u00b0\u2018\u00e4\u00ba\u00ba\u00e6\u2022\u00b0\u00e3\u0081\u00ae\u00e9\u00a7\u0090\u00e5\u0153\u00a8\u00e5\u201c\u00a1\u00e3\u0081\u00a7\u00e5\u0160\u00b9\u00e7\u017d\u2021\u00e3\u0081\u00ae\u00e8\u2030\u00af\u00e3\u0081\u201e\u00e3\u201a\u00aa\u00e3\u0192\u2022\u00e3\u201a\u00a3\u00e3\u201a\u00b9\u00e9\u0081\u2039\u00e5\u2013\u00b6\u00e3\u201a\u2019\u00e3\u0081\u2014\u00e3\u0081\u0178\u00e3\u0081\u201e &nbsp; \u00e8\u00b2\u00b4\u00e7\u00a4\u00be\u00e3\u0081\u00ae\u00e3\u0081\u0160\u00e5\u0160\u203a\u00e3\u0081\u00ab\u00e3\u0081\u00aa\u00e3\u201a\u0152\u00e3\u201a\u2039\u00e3\u201a\u00aa\u00e3\u0192\u2022\u00e3\u201a\u00a3\u00e3\u201a\u00b9\u00e3\u0081\u0152\u00e3\u0081\u201c\u00e3\u0081\u201c\u00e3\u0081\u00ab\u00e3\u0081\u201a\u00e3\u201a\u0160\u00e3\u0081\u00be\u00e3\u0081\u2122\u00e3\u20ac\u201a\u00e3\u0081\u0160\u00e5\u2022\u008f\u00e3\u0081\u201e\u00e5\u0090\u02c6\u00e3\u201a\u008f\u00e3\u0081\u203a\u00e3\u0081\u00af\u00e6\u2014\u00a5\u00e6\u0153\u00ac\u00e8\u00aa\u017e\u00e3\u0081\u00a7\u00e3\u0081\u00a9\u00e3\u0081\u2020\u00e3\u0081\u017e\u00e3\u20ac\u201a \u00e7\u00b5\u0152\u00e9\u00a8\u201c\u00e8\u00b1\u0160\u00e3\u0081\u2039\u00e3\u0081\u00aa\u00e3\u201a\u00b9\u00e3\u201a\u00bf\u00e3\u0192\u0192\u00e3\u0192\u2022\u00e3\u0081\u00ae\u00e4\u00bb\u0160\u00e4\u00ba\u2022\u00e3\u20ac\u0081\u00e5\u00b1\u00b1\u00e6\u0153\u00ac\u00e3\u0081\u0152\u00e6\u2030\u00bf\u00e3\u201a\u0160\u00e3\u0081\u00be\u00e3\u0081\u2122\u00e3\u20ac\u201a<\/p>\n","protected":false},"author":1,"featured_media":0,"parent":0,"menu_order":0,"comment_status":"closed","ping_status":"open","template":"","meta":{"footnotes":""},"class_list":["post-12","page","type-page","status-publish","hentry"],"_links":{"self":[{"href":"https:\/\/frontlinebc.com\/jp\/wp-json\/wp\/v2\/pages\/12","targetHints":{"allow":["GET"]}}],"collection":[{"href":"https:\/\/frontlinebc.com\/jp\/wp-json\/wp\/v2\/pages"}],"about":[{"href":"https:\/\/frontlinebc.com\/jp\/wp-json\/wp\/v2\/types\/page"}],"author":[{"embeddable":true,"href":"https:\/\/frontlinebc.com\/jp\/wp-json\/wp\/v2\/users\/1"}],"replies":[{"embeddable":true,"href":"https:\/\/frontlinebc.com\/jp\/wp-json\/wp\/v2\/comments?post=12"}],"version-history":[{"count":23,"href":"https:\/\/frontlinebc.com\/jp\/wp-json\/wp\/v2\/pages\/12\/revisions"}],"predecessor-version":[{"id":429,"href":"https:\/\/frontlinebc.com\/jp\/wp-json\/wp\/v2\/pages\/12\/revisions\/429"}],"wp:attachment":[{"href":"https:\/\/frontlinebc.com\/jp\/wp-json\/wp\/v2\/media?parent=12"}],"curies":[{"name":"wp","href":"https:\/\/api.w.org\/{rel}","templated":true}]}}